{"id":1255,"date":"2023-10-08T00:39:57","date_gmt":"2023-10-07T22:39:57","guid":{"rendered":"https:\/\/taekwon-book.com\/?post_type=product&#038;p=1255"},"modified":"2023-10-08T15:54:26","modified_gmt":"2023-10-08T13:54:26","slug":"taekwon-tome-2-francais-pack-de-10-livres","status":"publish","type":"product","link":"https:\/\/taekwon-book.com\/en\/produit\/taekwon-tome-2-francais-pack-de-10-livres\/","title":{"rendered":"Taekwon tome 2 Fran\u00e7ais | Pack de 10 livres"},"content":{"rendered":"<p>Un pack de 10 livres Taekwon tome 1 pour les clubs. Livr\u00e9 avec 10 carnets de suivi les \u00e9l\u00e8ves pour un suivi de leur pr\u00e9sence et de leur grade (grades kids).<\/p>\n<p>En achetant un pack de 10 livres, vous vous assurez que chaque membre de votre club dispose d\u2019une ressource individuelle pour \u00e9tudier et approfondir ses connaissances du Taekwon-Do<\/p>\n","protected":false},"excerpt":{"rendered":"<p>Un pack de 10 livres Taekwon tome 1 pour les clubs. Livr\u00e9 avec 10 carnets de suivi les \u00e9l\u00e8ves pour un suivi de leur pr\u00e9sence et de leur grade (grades kids). En achetant un pack de 10 livres, vous vous assurez que chaque membre de votre club dispose d\u2019une ressource individuelle pour \u00e9tudier et approfondir [&hellip;]<\/p>\n","protected":false},"featured_media":1256,"comment_status":"closed","ping_status":"closed","template":"","meta":{"_acf_changed":false},"product_brand":[],"product_cat":[44],"product_tag":[],"class_list":{"0":"post-1255","1":"product","2":"type-product","3":"status-publish","4":"has-post-thumbnail","6":"product_cat-francais","7":"product_shipping_class-forfait-pack-europe","9":"first","10":"instock","11":"sale","12":"taxable","13":"shipping-taxable","14":"product-type-woosb"},"acf":[],"yoast_head":"<!-- This site is optimized with the Yoast SEO plugin v27.5 - https:\/\/yoast.com\/product\/yoast-seo-wordpress\/ -->\n<title>Taekwon tome 2 Fran\u00e7ais | Pack de 10 livres - Taekwon | Le Taekwon-Do ITF en bandes dessin\u00e9es<\/title>\n<meta name=\"robots\" content=\"index, follow, max-snippet:-1, max-image-preview:large, max-video-preview:-1\" \/>\n<link rel=\"canonical\" href=\"https:\/\/taekwon-book.com\/en\/produit\/taekwon-tome-2-francais-pack-de-10-livres\/\" \/>\n<meta property=\"og:locale\" content=\"en_US\" \/>\n<meta property=\"og:type\" content=\"article\" \/>\n<meta property=\"og:title\" content=\"Taekwon tome 2 Fran\u00e7ais | Pack de 10 livres - Taekwon | Le Taekwon-Do ITF en bandes dessin\u00e9es\" \/>\n<meta property=\"og:description\" content=\"Un pack de 10 livres Taekwon tome 1 pour les clubs. Livr\u00e9 avec 10 carnets de suivi les \u00e9l\u00e8ves pour un suivi de leur pr\u00e9sence et de leur grade (grades kids). En achetant un pack de 10 livres, vous vous assurez que chaque membre de votre club dispose d\u2019une ressource individuelle pour \u00e9tudier et approfondir [&hellip;]\" \/>\n<meta property=\"og:url\" content=\"https:\/\/taekwon-book.com\/en\/produit\/taekwon-tome-2-francais-pack-de-10-livres\/\" \/>\n<meta property=\"og:site_name\" content=\"Taekwon | Le Taekwon-Do ITF en bandes dessin\u00e9es\" \/>\n<meta property=\"article:publisher\" content=\"https:\/\/www.facebook.com\/taekwonbook\" \/>\n<meta property=\"article:modified_time\" content=\"2023-10-08T13:54:26+00:00\" \/>\n<meta property=\"og:image\" content=\"https:\/\/taekwon-book.com\/wp-content\/uploads\/2023\/10\/TAEKWON_tome-2_lot_10x.jpg\" \/>\n\t<meta property=\"og:image:width\" content=\"600\" \/>\n\t<meta property=\"og:image:height\" content=\"550\" \/>\n\t<meta property=\"og:image:type\" content=\"image\/jpeg\" \/>\n<meta name=\"twitter:card\" content=\"summary_large_image\" \/>\n<meta name=\"twitter:label1\" content=\"Est. reading time\" \/>\n\t<meta name=\"twitter:data1\" content=\"1 minute\" \/>\n<script type=\"application\/ld+json\" class=\"yoast-schema-graph\">{\"@context\":\"https:\\\/\\\/schema.org\",\"@graph\":[{\"@type\":\"WebPage\",\"@id\":\"https:\\\/\\\/taekwon-book.com\\\/en\\\/produit\\\/taekwon-tome-2-francais-pack-de-10-livres\\\/\",\"url\":\"https:\\\/\\\/taekwon-book.com\\\/en\\\/produit\\\/taekwon-tome-2-francais-pack-de-10-livres\\\/\",\"name\":\"Taekwon tome 2 Fran\u00e7ais | Pack de 10 livres - Taekwon | Le Taekwon-Do ITF en bandes dessin\u00e9es\",\"isPartOf\":{\"@id\":\"https:\\\/\\\/taekwon-book.com\\\/en\\\/#website\"},\"primaryImageOfPage\":{\"@id\":\"https:\\\/\\\/taekwon-book.com\\\/en\\\/produit\\\/taekwon-tome-2-francais-pack-de-10-livres\\\/#primaryimage\"},\"image\":{\"@id\":\"https:\\\/\\\/taekwon-book.com\\\/en\\\/produit\\\/taekwon-tome-2-francais-pack-de-10-livres\\\/#primaryimage\"},\"thumbnailUrl\":\"https:\\\/\\\/taekwon-book.com\\\/wp-content\\\/uploads\\\/2023\\\/10\\\/TAEKWON_tome-2_lot_10x.jpg\",\"datePublished\":\"2023-10-07T22:39:57+00:00\",\"dateModified\":\"2023-10-08T13:54:26+00:00\",\"breadcrumb\":{\"@id\":\"https:\\\/\\\/taekwon-book.com\\\/en\\\/produit\\\/taekwon-tome-2-francais-pack-de-10-livres\\\/#breadcrumb\"},\"inLanguage\":\"en-US\",\"potentialAction\":[{\"@type\":\"ReadAction\",\"target\":[\"https:\\\/\\\/taekwon-book.com\\\/en\\\/produit\\\/taekwon-tome-2-francais-pack-de-10-livres\\\/\"]}]},{\"@type\":\"ImageObject\",\"inLanguage\":\"en-US\",\"@id\":\"https:\\\/\\\/taekwon-book.com\\\/en\\\/produit\\\/taekwon-tome-2-francais-pack-de-10-livres\\\/#primaryimage\",\"url\":\"https:\\\/\\\/taekwon-book.com\\\/wp-content\\\/uploads\\\/2023\\\/10\\\/TAEKWON_tome-2_lot_10x.jpg\",\"contentUrl\":\"https:\\\/\\\/taekwon-book.com\\\/wp-content\\\/uploads\\\/2023\\\/10\\\/TAEKWON_tome-2_lot_10x.jpg\",\"width\":600,\"height\":550,\"caption\":\"livre Taekwon tome 2 pack de 10 livres\"},{\"@type\":\"BreadcrumbList\",\"@id\":\"https:\\\/\\\/taekwon-book.com\\\/en\\\/produit\\\/taekwon-tome-2-francais-pack-de-10-livres\\\/#breadcrumb\",\"itemListElement\":[{\"@type\":\"ListItem\",\"position\":1,\"name\":\"Accueil\",\"item\":\"https:\\\/\\\/taekwon-book.com\\\/en\\\/home\\\/\"},{\"@type\":\"ListItem\",\"position\":2,\"name\":\"Boutique\",\"item\":\"https:\\\/\\\/taekwon-book.com\\\/boutique\\\/\"},{\"@type\":\"ListItem\",\"position\":3,\"name\":\"Taekwon tome 2 Fran\u00e7ais | Pack de 10 livres\"}]},{\"@type\":\"WebSite\",\"@id\":\"https:\\\/\\\/taekwon-book.com\\\/en\\\/#website\",\"url\":\"https:\\\/\\\/taekwon-book.com\\\/en\\\/\",\"name\":\"Taekwon | Le Taekwon-Do ITF en bandes dessin\u00e9es\",\"description\":\"\",\"publisher\":{\"@id\":\"https:\\\/\\\/taekwon-book.com\\\/en\\\/#organization\"},\"potentialAction\":[{\"@type\":\"SearchAction\",\"target\":{\"@type\":\"EntryPoint\",\"urlTemplate\":\"https:\\\/\\\/taekwon-book.com\\\/en\\\/?s={search_term_string}\"},\"query-input\":{\"@type\":\"PropertyValueSpecification\",\"valueRequired\":true,\"valueName\":\"search_term_string\"}}],\"inLanguage\":\"en-US\"},{\"@type\":\"Organization\",\"@id\":\"https:\\\/\\\/taekwon-book.com\\\/en\\\/#organization\",\"name\":\"Taekwon | Le Taekwon-Do ITF en bandes dessin\u00e9es\",\"url\":\"https:\\\/\\\/taekwon-book.com\\\/en\\\/\",\"logo\":{\"@type\":\"ImageObject\",\"inLanguage\":\"en-US\",\"@id\":\"https:\\\/\\\/taekwon-book.com\\\/en\\\/#\\\/schema\\\/logo\\\/image\\\/\",\"url\":\"http:\\\/\\\/taekwon-book.com\\\/wp-content\\\/uploads\\\/2023\\\/06\\\/taekwon_logo.svg\",\"contentUrl\":\"http:\\\/\\\/taekwon-book.com\\\/wp-content\\\/uploads\\\/2023\\\/06\\\/taekwon_logo.svg\",\"width\":566,\"height\":125,\"caption\":\"Taekwon | Le Taekwon-Do ITF en bandes dessin\u00e9es\"},\"image\":{\"@id\":\"https:\\\/\\\/taekwon-book.com\\\/en\\\/#\\\/schema\\\/logo\\\/image\\\/\"},\"sameAs\":[\"https:\\\/\\\/www.facebook.com\\\/taekwonbook\",\"https:\\\/\\\/www.instagram.com\\\/taekwonbook\\\/\",\"https:\\\/\\\/studio.youtube.com\\\/channel\\\/UC88cz_rl7Ro-rSEv3AcausA\"]}]}<\/script>\n<!-- \/ Yoast SEO plugin. -->","yoast_head_json":{"title":"Taekwon tome 2 Fran\u00e7ais | Pack de 10 livres - Taekwon | Le Taekwon-Do ITF en bandes dessin\u00e9es","robots":{"index":"index","follow":"follow","max-snippet":"max-snippet:-1","max-image-preview":"max-image-preview:large","max-video-preview":"max-video-preview:-1"},"canonical":"https:\/\/taekwon-book.com\/en\/produit\/taekwon-tome-2-francais-pack-de-10-livres\/","og_locale":"en_US","og_type":"article","og_title":"Taekwon tome 2 Fran\u00e7ais | Pack de 10 livres - Taekwon | Le Taekwon-Do ITF en bandes dessin\u00e9es","og_description":"Un pack de 10 livres Taekwon tome 1 pour les clubs. Livr\u00e9 avec 10 carnets de suivi les \u00e9l\u00e8ves pour un suivi de leur pr\u00e9sence et de leur grade (grades kids). En achetant un pack de 10 livres, vous vous assurez que chaque membre de votre club dispose d\u2019une ressource individuelle pour \u00e9tudier et approfondir [&hellip;]","og_url":"https:\/\/taekwon-book.com\/en\/produit\/taekwon-tome-2-francais-pack-de-10-livres\/","og_site_name":"Taekwon | Le Taekwon-Do ITF en bandes dessin\u00e9es","article_publisher":"https:\/\/www.facebook.com\/taekwonbook","article_modified_time":"2023-10-08T13:54:26+00:00","og_image":[{"width":600,"height":550,"url":"https:\/\/taekwon-book.com\/wp-content\/uploads\/2023\/10\/TAEKWON_tome-2_lot_10x.jpg","type":"image\/jpeg"}],"twitter_card":"summary_large_image","twitter_misc":{"Est. reading time":"1 minute"},"schema":{"@context":"https:\/\/schema.org","@graph":[{"@type":"WebPage","@id":"https:\/\/taekwon-book.com\/en\/produit\/taekwon-tome-2-francais-pack-de-10-livres\/","url":"https:\/\/taekwon-book.com\/en\/produit\/taekwon-tome-2-francais-pack-de-10-livres\/","name":"Taekwon tome 2 Fran\u00e7ais | Pack de 10 livres - Taekwon | Le Taekwon-Do ITF en bandes dessin\u00e9es","isPartOf":{"@id":"https:\/\/taekwon-book.com\/en\/#website"},"primaryImageOfPage":{"@id":"https:\/\/taekwon-book.com\/en\/produit\/taekwon-tome-2-francais-pack-de-10-livres\/#primaryimage"},"image":{"@id":"https:\/\/taekwon-book.com\/en\/produit\/taekwon-tome-2-francais-pack-de-10-livres\/#primaryimage"},"thumbnailUrl":"https:\/\/taekwon-book.com\/wp-content\/uploads\/2023\/10\/TAEKWON_tome-2_lot_10x.jpg","datePublished":"2023-10-07T22:39:57+00:00","dateModified":"2023-10-08T13:54:26+00:00","breadcrumb":{"@id":"https:\/\/taekwon-book.com\/en\/produit\/taekwon-tome-2-francais-pack-de-10-livres\/#breadcrumb"},"inLanguage":"en-US","potentialAction":[{"@type":"ReadAction","target":["https:\/\/taekwon-book.com\/en\/produit\/taekwon-tome-2-francais-pack-de-10-livres\/"]}]},{"@type":"ImageObject","inLanguage":"en-US","@id":"https:\/\/taekwon-book.com\/en\/produit\/taekwon-tome-2-francais-pack-de-10-livres\/#primaryimage","url":"https:\/\/taekwon-book.com\/wp-content\/uploads\/2023\/10\/TAEKWON_tome-2_lot_10x.jpg","contentUrl":"https:\/\/taekwon-book.com\/wp-content\/uploads\/2023\/10\/TAEKWON_tome-2_lot_10x.jpg","width":600,"height":550,"caption":"livre Taekwon tome 2 pack de 10 livres"},{"@type":"BreadcrumbList","@id":"https:\/\/taekwon-book.com\/en\/produit\/taekwon-tome-2-francais-pack-de-10-livres\/#breadcrumb","itemListElement":[{"@type":"ListItem","position":1,"name":"Accueil","item":"https:\/\/taekwon-book.com\/en\/home\/"},{"@type":"ListItem","position":2,"name":"Boutique","item":"https:\/\/taekwon-book.com\/boutique\/"},{"@type":"ListItem","position":3,"name":"Taekwon tome 2 Fran\u00e7ais | Pack de 10 livres"}]},{"@type":"WebSite","@id":"https:\/\/taekwon-book.com\/en\/#website","url":"https:\/\/taekwon-book.com\/en\/","name":"Taekwon | Le Taekwon-Do ITF en bandes dessin\u00e9es","description":"","publisher":{"@id":"https:\/\/taekwon-book.com\/en\/#organization"},"potentialAction":[{"@type":"SearchAction","target":{"@type":"EntryPoint","urlTemplate":"https:\/\/taekwon-book.com\/en\/?s={search_term_string}"},"query-input":{"@type":"PropertyValueSpecification","valueRequired":true,"valueName":"search_term_string"}}],"inLanguage":"en-US"},{"@type":"Organization","@id":"https:\/\/taekwon-book.com\/en\/#organization","name":"Taekwon | Le Taekwon-Do ITF en bandes dessin\u00e9es","url":"https:\/\/taekwon-book.com\/en\/","logo":{"@type":"ImageObject","inLanguage":"en-US","@id":"https:\/\/taekwon-book.com\/en\/#\/schema\/logo\/image\/","url":"http:\/\/taekwon-book.com\/wp-content\/uploads\/2023\/06\/taekwon_logo.svg","contentUrl":"http:\/\/taekwon-book.com\/wp-content\/uploads\/2023\/06\/taekwon_logo.svg","width":566,"height":125,"caption":"Taekwon | Le Taekwon-Do ITF en bandes dessin\u00e9es"},"image":{"@id":"https:\/\/taekwon-book.com\/en\/#\/schema\/logo\/image\/"},"sameAs":["https:\/\/www.facebook.com\/taekwonbook","https:\/\/www.instagram.com\/taekwonbook\/","https:\/\/studio.youtube.com\/channel\/UC88cz_rl7Ro-rSEv3AcausA"]}]}},"_links":{"self":[{"href":"https:\/\/taekwon-book.com\/en\/wp-json\/wp\/v2\/product\/1255","targetHints":{"allow":["GET"]}}],"collection":[{"href":"https:\/\/taekwon-book.com\/en\/wp-json\/wp\/v2\/product"}],"about":[{"href":"https:\/\/taekwon-book.com\/en\/wp-json\/wp\/v2\/types\/product"}],"replies":[{"embeddable":true,"href":"https:\/\/taekwon-book.com\/en\/wp-json\/wp\/v2\/comments?post=1255"}],"wp:featuredmedia":[{"embeddable":true,"href":"https:\/\/taekwon-book.com\/en\/wp-json\/wp\/v2\/media\/1256"}],"wp:attachment":[{"href":"https:\/\/taekwon-book.com\/en\/wp-json\/wp\/v2\/media?parent=1255"}],"wp:term":[{"taxonomy":"product_brand","embeddable":true,"href":"https:\/\/taekwon-book.com\/en\/wp-json\/wp\/v2\/product_brand?post=1255"},{"taxonomy":"product_cat","embeddable":true,"href":"https:\/\/taekwon-book.com\/en\/wp-json\/wp\/v2\/product_cat?post=1255"},{"taxonomy":"product_tag","embeddable":true,"href":"https:\/\/taekwon-book.com\/en\/wp-json\/wp\/v2\/product_tag?post=1255"}],"curies":[{"name":"wp","href":"https:\/\/api.w.org\/{rel}","templated":true}]}}