{"id":1046,"date":"2023-09-16T12:38:32","date_gmt":"2023-09-16T10:38:32","guid":{"rendered":"https:\/\/taekwon-book.com\/?post_type=product&#038;p=1046"},"modified":"2024-10-04T13:13:11","modified_gmt":"2024-10-04T11:13:11","slug":"livre-taekwon-tome-2-francais","status":"publish","type":"product","link":"https:\/\/taekwon-book.com\/en\/produit\/livre-taekwon-tome-2-francais\/","title":{"rendered":"Livre Taekwon Tome 2 Fran\u00e7ais"},"content":{"rendered":"<p>Le deuxi\u00e8me tome de Taekwon couvre le programme de la ceinture jaune \u00e0 la ceinture verte. Dans ce nouveau volume retrouvez nos h\u00e9ros Lucas et Pamela qui ont bien grandis, ainsi que de nouveaux personnages historiques. Retrouvez \u00e9galement plusieurs BD et jeux pour vous amuser tout en apprenant le nouveau programme !<\/p>\n","protected":false},"excerpt":{"rendered":"<p>Le deuxi\u00e8me tome de Taekwon couvre le programme de la ceinture jaune \u00e0 la ceinture verte. Dans ce nouveau volume retrouvez nos h\u00e9ros Lucas et Pamela qui ont bien grandis, ainsi que de nouveaux personnages historiques. Retrouvez \u00e9galement plusieurs BD et jeux pour vous amuser tout en apprenant le nouveau programme !<\/p>\n","protected":false},"featured_media":1131,"comment_status":"closed","ping_status":"closed","template":"","meta":{"_acf_changed":false},"product_brand":[],"product_cat":[44],"product_tag":[],"class_list":{"0":"post-1046","1":"product","2":"type-product","3":"status-publish","4":"has-post-thumbnail","6":"product_cat-francais","7":"product_shipping_class-livraison-standard","9":"first","10":"instock","11":"taxable","12":"shipping-taxable","13":"product-type-simple"},"acf":[],"yoast_head":"<!-- This site is optimized with the Yoast SEO plugin v27.5 - https:\/\/yoast.com\/product\/yoast-seo-wordpress\/ -->\n<title>Livre Taekwon Tome 2 Fran\u00e7ais - Taekwon | Le Taekwon-Do ITF en bandes dessin\u00e9es<\/title>\n<meta name=\"robots\" content=\"index, follow, max-snippet:-1, max-image-preview:large, max-video-preview:-1\" \/>\n<link rel=\"canonical\" href=\"https:\/\/taekwon-book.com\/en\/produit\/livre-taekwon-tome-2-francais\/\" \/>\n<meta property=\"og:locale\" content=\"en_US\" \/>\n<meta property=\"og:type\" content=\"article\" \/>\n<meta property=\"og:title\" content=\"Livre Taekwon Tome 2 Fran\u00e7ais - Taekwon | Le Taekwon-Do ITF en bandes dessin\u00e9es\" \/>\n<meta property=\"og:description\" content=\"Le deuxi\u00e8me tome de Taekwon couvre le programme de la ceinture jaune \u00e0 la ceinture verte. Dans ce nouveau volume retrouvez nos h\u00e9ros Lucas et Pamela qui ont bien grandis, ainsi que de nouveaux personnages historiques. Retrouvez \u00e9galement plusieurs BD et jeux pour vous amuser tout en apprenant le nouveau programme !\" \/>\n<meta property=\"og:url\" content=\"https:\/\/taekwon-book.com\/en\/produit\/livre-taekwon-tome-2-francais\/\" \/>\n<meta property=\"og:site_name\" content=\"Taekwon | Le Taekwon-Do ITF en bandes dessin\u00e9es\" \/>\n<meta property=\"article:publisher\" content=\"https:\/\/www.facebook.com\/taekwonbook\" \/>\n<meta property=\"article:modified_time\" content=\"2024-10-04T11:13:11+00:00\" \/>\n<meta property=\"og:image\" content=\"https:\/\/taekwon-book.com\/wp-content\/uploads\/2023\/10\/TAEKWON_tome_2_couv_2.jpg\" \/>\n\t<meta property=\"og:image:width\" content=\"600\" \/>\n\t<meta property=\"og:image:height\" content=\"384\" \/>\n\t<meta property=\"og:image:type\" content=\"image\/jpeg\" \/>\n<meta name=\"twitter:card\" content=\"summary_large_image\" \/>\n<meta name=\"twitter:label1\" content=\"Est. reading time\" \/>\n\t<meta name=\"twitter:data1\" content=\"1 minute\" \/>\n<script type=\"application\/ld+json\" class=\"yoast-schema-graph\">{\"@context\":\"https:\\\/\\\/schema.org\",\"@graph\":[{\"@type\":\"WebPage\",\"@id\":\"https:\\\/\\\/taekwon-book.com\\\/en\\\/produit\\\/livre-taekwon-tome-2-francais\\\/\",\"url\":\"https:\\\/\\\/taekwon-book.com\\\/en\\\/produit\\\/livre-taekwon-tome-2-francais\\\/\",\"name\":\"Livre Taekwon Tome 2 Fran\u00e7ais - Taekwon | Le Taekwon-Do ITF en bandes dessin\u00e9es\",\"isPartOf\":{\"@id\":\"https:\\\/\\\/taekwon-book.com\\\/en\\\/#website\"},\"primaryImageOfPage\":{\"@id\":\"https:\\\/\\\/taekwon-book.com\\\/en\\\/produit\\\/livre-taekwon-tome-2-francais\\\/#primaryimage\"},\"image\":{\"@id\":\"https:\\\/\\\/taekwon-book.com\\\/en\\\/produit\\\/livre-taekwon-tome-2-francais\\\/#primaryimage\"},\"thumbnailUrl\":\"https:\\\/\\\/taekwon-book.com\\\/wp-content\\\/uploads\\\/2023\\\/10\\\/TAEKWON_tome_2_couv_2.jpg\",\"datePublished\":\"2023-09-16T10:38:32+00:00\",\"dateModified\":\"2024-10-04T11:13:11+00:00\",\"breadcrumb\":{\"@id\":\"https:\\\/\\\/taekwon-book.com\\\/en\\\/produit\\\/livre-taekwon-tome-2-francais\\\/#breadcrumb\"},\"inLanguage\":\"en-US\",\"potentialAction\":[{\"@type\":\"ReadAction\",\"target\":[\"https:\\\/\\\/taekwon-book.com\\\/en\\\/produit\\\/livre-taekwon-tome-2-francais\\\/\"]}]},{\"@type\":\"ImageObject\",\"inLanguage\":\"en-US\",\"@id\":\"https:\\\/\\\/taekwon-book.com\\\/en\\\/produit\\\/livre-taekwon-tome-2-francais\\\/#primaryimage\",\"url\":\"https:\\\/\\\/taekwon-book.com\\\/wp-content\\\/uploads\\\/2023\\\/10\\\/TAEKWON_tome_2_couv_2.jpg\",\"contentUrl\":\"https:\\\/\\\/taekwon-book.com\\\/wp-content\\\/uploads\\\/2023\\\/10\\\/TAEKWON_tome_2_couv_2.jpg\",\"width\":600,\"height\":384},{\"@type\":\"BreadcrumbList\",\"@id\":\"https:\\\/\\\/taekwon-book.com\\\/en\\\/produit\\\/livre-taekwon-tome-2-francais\\\/#breadcrumb\",\"itemListElement\":[{\"@type\":\"ListItem\",\"position\":1,\"name\":\"Accueil\",\"item\":\"https:\\\/\\\/taekwon-book.com\\\/en\\\/home\\\/\"},{\"@type\":\"ListItem\",\"position\":2,\"name\":\"Boutique\",\"item\":\"https:\\\/\\\/taekwon-book.com\\\/boutique\\\/\"},{\"@type\":\"ListItem\",\"position\":3,\"name\":\"Livre Taekwon Tome 2 Fran\u00e7ais\"}]},{\"@type\":\"WebSite\",\"@id\":\"https:\\\/\\\/taekwon-book.com\\\/en\\\/#website\",\"url\":\"https:\\\/\\\/taekwon-book.com\\\/en\\\/\",\"name\":\"Taekwon | Le Taekwon-Do ITF en bandes dessin\u00e9es\",\"description\":\"\",\"publisher\":{\"@id\":\"https:\\\/\\\/taekwon-book.com\\\/en\\\/#organization\"},\"potentialAction\":[{\"@type\":\"SearchAction\",\"target\":{\"@type\":\"EntryPoint\",\"urlTemplate\":\"https:\\\/\\\/taekwon-book.com\\\/en\\\/?s={search_term_string}\"},\"query-input\":{\"@type\":\"PropertyValueSpecification\",\"valueRequired\":true,\"valueName\":\"search_term_string\"}}],\"inLanguage\":\"en-US\"},{\"@type\":\"Organization\",\"@id\":\"https:\\\/\\\/taekwon-book.com\\\/en\\\/#organization\",\"name\":\"Taekwon | Le Taekwon-Do ITF en bandes dessin\u00e9es\",\"url\":\"https:\\\/\\\/taekwon-book.com\\\/en\\\/\",\"logo\":{\"@type\":\"ImageObject\",\"inLanguage\":\"en-US\",\"@id\":\"https:\\\/\\\/taekwon-book.com\\\/en\\\/#\\\/schema\\\/logo\\\/image\\\/\",\"url\":\"http:\\\/\\\/taekwon-book.com\\\/wp-content\\\/uploads\\\/2023\\\/06\\\/taekwon_logo.svg\",\"contentUrl\":\"http:\\\/\\\/taekwon-book.com\\\/wp-content\\\/uploads\\\/2023\\\/06\\\/taekwon_logo.svg\",\"width\":566,\"height\":125,\"caption\":\"Taekwon | Le Taekwon-Do ITF en bandes dessin\u00e9es\"},\"image\":{\"@id\":\"https:\\\/\\\/taekwon-book.com\\\/en\\\/#\\\/schema\\\/logo\\\/image\\\/\"},\"sameAs\":[\"https:\\\/\\\/www.facebook.com\\\/taekwonbook\",\"https:\\\/\\\/www.instagram.com\\\/taekwonbook\\\/\",\"https:\\\/\\\/studio.youtube.com\\\/channel\\\/UC88cz_rl7Ro-rSEv3AcausA\"]}]}<\/script>\n<!-- \/ Yoast SEO plugin. -->","yoast_head_json":{"title":"Livre Taekwon Tome 2 Fran\u00e7ais - Taekwon | Le Taekwon-Do ITF en bandes dessin\u00e9es","robots":{"index":"index","follow":"follow","max-snippet":"max-snippet:-1","max-image-preview":"max-image-preview:large","max-video-preview":"max-video-preview:-1"},"canonical":"https:\/\/taekwon-book.com\/en\/produit\/livre-taekwon-tome-2-francais\/","og_locale":"en_US","og_type":"article","og_title":"Livre Taekwon Tome 2 Fran\u00e7ais - Taekwon | Le Taekwon-Do ITF en bandes dessin\u00e9es","og_description":"Le deuxi\u00e8me tome de Taekwon couvre le programme de la ceinture jaune \u00e0 la ceinture verte. Dans ce nouveau volume retrouvez nos h\u00e9ros Lucas et Pamela qui ont bien grandis, ainsi que de nouveaux personnages historiques. Retrouvez \u00e9galement plusieurs BD et jeux pour vous amuser tout en apprenant le nouveau programme !","og_url":"https:\/\/taekwon-book.com\/en\/produit\/livre-taekwon-tome-2-francais\/","og_site_name":"Taekwon | Le Taekwon-Do ITF en bandes dessin\u00e9es","article_publisher":"https:\/\/www.facebook.com\/taekwonbook","article_modified_time":"2024-10-04T11:13:11+00:00","og_image":[{"width":600,"height":384,"url":"https:\/\/taekwon-book.com\/wp-content\/uploads\/2023\/10\/TAEKWON_tome_2_couv_2.jpg","type":"image\/jpeg"}],"twitter_card":"summary_large_image","twitter_misc":{"Est. reading time":"1 minute"},"schema":{"@context":"https:\/\/schema.org","@graph":[{"@type":"WebPage","@id":"https:\/\/taekwon-book.com\/en\/produit\/livre-taekwon-tome-2-francais\/","url":"https:\/\/taekwon-book.com\/en\/produit\/livre-taekwon-tome-2-francais\/","name":"Livre Taekwon Tome 2 Fran\u00e7ais - Taekwon | Le Taekwon-Do ITF en bandes dessin\u00e9es","isPartOf":{"@id":"https:\/\/taekwon-book.com\/en\/#website"},"primaryImageOfPage":{"@id":"https:\/\/taekwon-book.com\/en\/produit\/livre-taekwon-tome-2-francais\/#primaryimage"},"image":{"@id":"https:\/\/taekwon-book.com\/en\/produit\/livre-taekwon-tome-2-francais\/#primaryimage"},"thumbnailUrl":"https:\/\/taekwon-book.com\/wp-content\/uploads\/2023\/10\/TAEKWON_tome_2_couv_2.jpg","datePublished":"2023-09-16T10:38:32+00:00","dateModified":"2024-10-04T11:13:11+00:00","breadcrumb":{"@id":"https:\/\/taekwon-book.com\/en\/produit\/livre-taekwon-tome-2-francais\/#breadcrumb"},"inLanguage":"en-US","potentialAction":[{"@type":"ReadAction","target":["https:\/\/taekwon-book.com\/en\/produit\/livre-taekwon-tome-2-francais\/"]}]},{"@type":"ImageObject","inLanguage":"en-US","@id":"https:\/\/taekwon-book.com\/en\/produit\/livre-taekwon-tome-2-francais\/#primaryimage","url":"https:\/\/taekwon-book.com\/wp-content\/uploads\/2023\/10\/TAEKWON_tome_2_couv_2.jpg","contentUrl":"https:\/\/taekwon-book.com\/wp-content\/uploads\/2023\/10\/TAEKWON_tome_2_couv_2.jpg","width":600,"height":384},{"@type":"BreadcrumbList","@id":"https:\/\/taekwon-book.com\/en\/produit\/livre-taekwon-tome-2-francais\/#breadcrumb","itemListElement":[{"@type":"ListItem","position":1,"name":"Accueil","item":"https:\/\/taekwon-book.com\/en\/home\/"},{"@type":"ListItem","position":2,"name":"Boutique","item":"https:\/\/taekwon-book.com\/boutique\/"},{"@type":"ListItem","position":3,"name":"Livre Taekwon Tome 2 Fran\u00e7ais"}]},{"@type":"WebSite","@id":"https:\/\/taekwon-book.com\/en\/#website","url":"https:\/\/taekwon-book.com\/en\/","name":"Taekwon | Le Taekwon-Do ITF en bandes dessin\u00e9es","description":"","publisher":{"@id":"https:\/\/taekwon-book.com\/en\/#organization"},"potentialAction":[{"@type":"SearchAction","target":{"@type":"EntryPoint","urlTemplate":"https:\/\/taekwon-book.com\/en\/?s={search_term_string}"},"query-input":{"@type":"PropertyValueSpecification","valueRequired":true,"valueName":"search_term_string"}}],"inLanguage":"en-US"},{"@type":"Organization","@id":"https:\/\/taekwon-book.com\/en\/#organization","name":"Taekwon | Le Taekwon-Do ITF en bandes dessin\u00e9es","url":"https:\/\/taekwon-book.com\/en\/","logo":{"@type":"ImageObject","inLanguage":"en-US","@id":"https:\/\/taekwon-book.com\/en\/#\/schema\/logo\/image\/","url":"http:\/\/taekwon-book.com\/wp-content\/uploads\/2023\/06\/taekwon_logo.svg","contentUrl":"http:\/\/taekwon-book.com\/wp-content\/uploads\/2023\/06\/taekwon_logo.svg","width":566,"height":125,"caption":"Taekwon | Le Taekwon-Do ITF en bandes dessin\u00e9es"},"image":{"@id":"https:\/\/taekwon-book.com\/en\/#\/schema\/logo\/image\/"},"sameAs":["https:\/\/www.facebook.com\/taekwonbook","https:\/\/www.instagram.com\/taekwonbook\/","https:\/\/studio.youtube.com\/channel\/UC88cz_rl7Ro-rSEv3AcausA"]}]}},"_links":{"self":[{"href":"https:\/\/taekwon-book.com\/en\/wp-json\/wp\/v2\/product\/1046","targetHints":{"allow":["GET"]}}],"collection":[{"href":"https:\/\/taekwon-book.com\/en\/wp-json\/wp\/v2\/product"}],"about":[{"href":"https:\/\/taekwon-book.com\/en\/wp-json\/wp\/v2\/types\/product"}],"replies":[{"embeddable":true,"href":"https:\/\/taekwon-book.com\/en\/wp-json\/wp\/v2\/comments?post=1046"}],"wp:featuredmedia":[{"embeddable":true,"href":"https:\/\/taekwon-book.com\/en\/wp-json\/wp\/v2\/media\/1131"}],"wp:attachment":[{"href":"https:\/\/taekwon-book.com\/en\/wp-json\/wp\/v2\/media?parent=1046"}],"wp:term":[{"taxonomy":"product_brand","embeddable":true,"href":"https:\/\/taekwon-book.com\/en\/wp-json\/wp\/v2\/product_brand?post=1046"},{"taxonomy":"product_cat","embeddable":true,"href":"https:\/\/taekwon-book.com\/en\/wp-json\/wp\/v2\/product_cat?post=1046"},{"taxonomy":"product_tag","embeddable":true,"href":"https:\/\/taekwon-book.com\/en\/wp-json\/wp\/v2\/product_tag?post=1046"}],"curies":[{"name":"wp","href":"https:\/\/api.w.org\/{rel}","templated":true}]}}